{"id":10,"date":"2015-02-20T20:12:13","date_gmt":"2015-02-20T20:12:13","guid":{"rendered":"http:\/\/avada.theme-fusion.com_demos\/law\/?page_id=10"},"modified":"2023-02-05T21:40:34","modified_gmt":"2023-02-05T21:40:34","slug":"who-we-are","status":"publish","type":"page","link":"https:\/\/ozmeralgroup.com\/ticaret\/who-we-are\/","title":{"rendered":"Hakk\u0131m\u0131zda"},"content":{"rendered":"<p><div class=\"fusion-fullwidth fullwidth-box fusion-builder-row-1 hundred-percent-fullwidth non-hundred-percent-height-scrolling\" style=\"--awb-border-radius-top-left:0px;--awb-border-radius-top-right:0px;--awb-border-radius-bottom-right:0px;--awb-border-radius-bottom-left:0px;--awb-overflow:visible;--awb-padding-right:30px;--awb-padding-left:30px;--awb-flex-wrap:wrap;\" ><div class=\"fusion-builder-row fusion-row\"><div class=\"fusion-layout-column fusion_builder_column fusion-builder-column-0 fusion_builder_column_1_1 1_1 fusion-one-full fusion-column-first fusion-column-last fusion-column-no-min-height\" style=\"--awb-bg-size:cover;--awb-margin-bottom:0px;\"><div class=\"fusion-column-wrapper fusion-flex-column-wrapper-legacy\"><div class=\"fusion-text fusion-text-1\"><p><\/p>\n<\/div><div class=\"fusion-clearfix\"><\/div><\/div><\/div><\/div><\/div><div class=\"fusion-fullwidth fullwidth-box fusion-builder-row-2 nonhundred-percent-fullwidth non-hundred-percent-height-scrolling\" style=\"--awb-background-position:left top;--awb-border-radius-top-left:0px;--awb-border-radius-top-right:0px;--awb-border-radius-bottom-right:0px;--awb-border-radius-bottom-left:0px;--awb-padding-top:110px;--awb-padding-bottom:0px;--awb-border-sizes-top:0px;--awb-border-sizes-bottom:0px;--awb-flex-wrap:wrap;\" ><div class=\"fusion-builder-row fusion-row\"><div class=\"fusion-layout-column fusion_builder_column fusion-builder-column-1 fusion_builder_column_1_1 1_1 fusion-one-full fusion-column-first fusion-column-last fusion-column-no-min-height\" style=\"--awb-bg-size:cover;--awb-margin-bottom:0px;\"><div class=\"fusion-column-wrapper fusion-flex-column-wrapper-legacy\"><div class=\"fusion-sep-clear\"><\/div><div class=\"fusion-separator fusion-full-width-sep\" style=\"margin-left: auto;margin-right: auto;margin-top:0px;margin-bottom:0px;width:100%;\"><div class=\"fusion-separator-border sep-single sep-solid\" style=\"--awb-height:20px;--awb-amount:20px;--awb-sep-color:#1f3473;border-color:#1f3473;border-top-width:5px;\"><\/div><\/div><div class=\"fusion-sep-clear\"><\/div><div class=\"fusion-clearfix\"><\/div><\/div><\/div><div class=\"fusion-layout-column fusion_builder_column fusion-builder-column-2 fusion_builder_column_1_1 1_1 fusion-one-full fusion-column-first fusion-column-last green-border rounded-border\" style=\"--awb-padding-top:60px;--awb-padding-right:60px;--awb-padding-bottom:50px;--awb-padding-left:60px;--awb-bg-color:#ffffff;--awb-bg-color-hover:#ffffff;--awb-bg-size:cover;--awb-border-color:#e2e2e2;--awb-border-top:1px;--awb-border-right:1px;--awb-border-bottom:1px;--awb-border-left:1px;--awb-border-style:solid;\"><div class=\"fusion-column-wrapper fusion-flex-column-wrapper-legacy\"><div class=\"fusion-text fusion-text-2\"><p style=\"text-align: left;\"><img decoding=\"async\" class=\"alignleft wp-image-245 size-full\" style=\"margin-right: 60px;\" src=\"https:\/\/ozmeralgroup.com\/ticaret\/wp-content\/uploads\/2017\/07\/ozmeral-group-logo.jpg\" alt=\"ozmeral-hakkimizda\" width=\"250\" height=\"168\" \/><\/p>\n<h3 style=\"text-align: left; margin-top: -20px;\">\u00c7\u00d6Z\u00dcM ODAKLI T\u0130CARET<\/h3>\n<p style=\"text-align: left;\">\u00d6zmeral Group D\u0131\u015f Ticaret ve Dan\u0131\u015fmanl\u0131k; her biri kendi alan\u0131nda uzman ve uygulama deneyimine sahip e\u011fitmenleriyle; sekt\u00f6rel ve kurumsal ihtiya\u00e7 ve beklentilere uygun e\u011fitim programlar\u0131 sunarak kurumlardaki y\u00f6netici ve \u00e7al\u0131\u015fanlar\u0131n geli\u015fimine destek olmaktad\u0131r.<\/p>\n<p style=\"text-align: left;\">\u00d6zmeral Group ayn\u0131 zamanda;\u00a0T\u00fcrkiye ve yurtd\u0131\u015f\u0131nda yerle\u015fik k\u00fc\u00e7\u00fck ve orta b\u00fcy\u00fckl\u00fckteki i\u015fletmeler (KOB\u0130) ve daha b\u00fcy\u00fck \u00f6l\u00e7ekli firmalara uluslararas\u0131 ticaret s\u00fcre\u00e7lerinde, ithalat ihracat ve g\u00fcmr\u00fck i\u015flemlerinde destekleyici hizmetler \u00fcreten bir dan\u0131\u015fmanl\u0131k firmas\u0131d\u0131r.<\/p>\n<\/div><div class=\"fusion-sep-clear\"><\/div><div class=\"fusion-separator fusion-full-width-sep\" style=\"margin-left: auto;margin-right: auto;margin-top:15px;margin-bottom:0px;width:100%;\"><\/div><div class=\"fusion-sep-clear\"><\/div><div class=\"fusion-clearfix\"><\/div><\/div><\/div><\/div><\/div><div class=\"fusion-fullwidth fullwidth-box fusion-builder-row-3 hundred-percent-fullwidth non-hundred-percent-height-scrolling fusion-equal-height-columns\" style=\"--awb-background-position:left top;--awb-border-radius-top-left:0px;--awb-border-radius-top-right:0px;--awb-border-radius-bottom-right:0px;--awb-border-radius-bottom-left:0px;--awb-padding-top:20px;--awb-padding-right:30px;--awb-padding-bottom:90px;--awb-padding-left:30px;--awb-border-sizes-top:0px;--awb-border-sizes-bottom:0px;--awb-flex-wrap:wrap;\" ><div class=\"fusion-builder-row fusion-row\"><div class=\"fusion-layout-column fusion_builder_column fusion-builder-column-3 fusion_builder_column_1_1 1_1 fusion-one-full fusion-column-first fusion-column-last green-border rounded-border\" style=\"--awb-padding-top:60px;--awb-padding-right:60px;--awb-padding-bottom:50px;--awb-padding-left:60px;--awb-bg-color:#ffffff;--awb-bg-color-hover:#ffffff;--awb-bg-size:cover;--awb-border-color:#e2e2e2;--awb-border-top:1px;--awb-border-right:1px;--awb-border-bottom:1px;--awb-border-left:1px;--awb-border-style:solid;\"><div class=\"fusion-column-wrapper fusion-flex-column-wrapper-legacy\"><div class=\"fusion-text fusion-text-3\"><p>\u00d6zmeral Group \u015firketimizin temelleri; 1964 y\u0131l\u0131nda Eski\u015fehir ilinde Papatya G\u0131da Ltd. \u015eti. olarak Ednan \u00d6ZMERAL ve Galip \u00d6ZMERAL taraf\u0131ndan kurulmu\u015ftur. 1965 y\u0131l\u0131nda G\u00fcr\u00e7am Bal Ltd. \u015eti. firmas\u0131n\u0131 b\u00fcnyesine eklemi\u015ftir. 1978 y\u0131l\u0131nda Me\u015fur \u00c7erezci ve \u015eeker\u00e7i Galip \u00fcnvan\u0131yla merkezini Mu\u011fla Bodrum\u2019a ta\u015f\u0131yarak ticari faaliyetlerini gelirtirmi\u015f, 12 \u015fube ve 2 merkez, toptan ve perakende ma\u011fazas\u0131, 4 lokum ve \u015feker fabrikas\u0131yla 1996 y\u0131l\u0131na kadar hem i\u00e7 piyasada hemde d\u0131\u015f piyasada\u00a0 hizmet vermi\u015ftir. 1997 y\u0131l\u0131nda \u015firket faaliyet alan\u0131n\u0131 de\u011fi\u015ftirerek Galip Kuyumculuk ismini alm\u0131\u015f, toptan ve perakende \u00fczerine 3 kuyum ma\u011fazas\u0131yla hizmet vermi\u015ftir. \u015eirket son olarak 2005 y\u0131l\u0131nda \u00d6zmeral Grup Ltd. \u015eti. ismini alarak in\u015faat sekt\u00f6r\u00fcne girerek Bodrum ve \u00e7evresinde hizmet vermeye ba\u015flam\u0131\u015ft\u0131r. 2015 y\u0131l\u0131nda \u015firketimiz Tiran-Arnavutluk\u2019ta \u0130stanbul Hukuk Yat\u0131r\u0131m Dan\u0131\u015fmanl\u0131k ad\u0131 alt\u0131nda ortak firma kurmu\u015f ve\u00a0 faaliyet alan\u0131n\u0131 geli\u015ftirmi\u015ftir. \u015eirketimiz y\u0131llar\u0131n verdi\u011fi bilgi ve tecr\u00fcbeyle yurt d\u0131\u015f\u0131 pazar\u0131n\u0131 a\u00e7\u0131larak T\u00fcrkiye\u2019de \u00fcretilen \u00fcr\u00fcnleri yurt d\u0131\u015f\u0131 pazar\u0131na ihrac etmeye ba\u015flam\u0131\u015ft\u0131r.<\/p>\n<\/div><div class=\"fusion-clearfix\"><\/div><\/div><\/div><\/div><\/div><div class=\"fusion-fullwidth fullwidth-box fusion-builder-row-4 hundred-percent-fullwidth non-hundred-percent-height-scrolling\" style=\"--awb-border-radius-top-left:0px;--awb-border-radius-top-right:0px;--awb-border-radius-bottom-right:0px;--awb-border-radius-bottom-left:0px;--awb-overflow:visible;--awb-padding-right:30px;--awb-padding-left:30px;--awb-flex-wrap:wrap;\" ><div class=\"fusion-builder-row fusion-row\"><div class=\"fusion-layout-column fusion_builder_column fusion-builder-column-4 fusion_builder_column_1_1 1_1 fusion-one-full fusion-column-first fusion-column-last fusion-column-no-min-height\" style=\"--awb-bg-size:cover;--awb-margin-bottom:0px;\"><div class=\"fusion-column-wrapper fusion-flex-column-wrapper-legacy\"><div class=\"fusion-text fusion-text-4\"><p><\/p>\n<\/div><div class=\"fusion-clearfix\"><\/div><\/div><\/div><\/div><\/div><\/p>","protected":false},"excerpt":{"rendered":"","protected":false},"author":1,"featured_media":0,"parent":0,"menu_order":0,"comment_status":"open","ping_status":"closed","template":"100-width.php","meta":{"footnotes":""},"class_list":["post-10","page","type-page","status-publish","hentry"],"_links":{"self":[{"href":"https:\/\/ozmeralgroup.com\/ticaret\/wp-json\/wp\/v2\/pages\/10","targetHints":{"allow":["GET"]}}],"collection":[{"href":"https:\/\/ozmeralgroup.com\/ticaret\/wp-json\/wp\/v2\/pages"}],"about":[{"href":"https:\/\/ozmeralgroup.com\/ticaret\/wp-json\/wp\/v2\/types\/page"}],"author":[{"embeddable":true,"href":"https:\/\/ozmeralgroup.com\/ticaret\/wp-json\/wp\/v2\/users\/1"}],"replies":[{"embeddable":true,"href":"https:\/\/ozmeralgroup.com\/ticaret\/wp-json\/wp\/v2\/comments?post=10"}],"version-history":[{"count":12,"href":"https:\/\/ozmeralgroup.com\/ticaret\/wp-json\/wp\/v2\/pages\/10\/revisions"}],"predecessor-version":[{"id":1163,"href":"https:\/\/ozmeralgroup.com\/ticaret\/wp-json\/wp\/v2\/pages\/10\/revisions\/1163"}],"wp:attachment":[{"href":"https:\/\/ozmeralgroup.com\/ticaret\/wp-json\/wp\/v2\/media?parent=10"}],"curies":[{"name":"wp","href":"https:\/\/api.w.org\/{rel}","templated":true}]}}